{"id":161,"date":"2026-02-16T15:51:55","date_gmt":"2026-02-16T07:51:55","guid":{"rendered":"https:\/\/moceansms.tr\/?page_id=161"},"modified":"2026-02-16T15:52:26","modified_gmt":"2026-02-16T07:52:26","slug":"thank-you","status":"publish","type":"page","link":"https:\/\/moceansms.tr\/tr\/thank-you\/","title":{"rendered":"Te\u015fekk\u00fcr ederim"},"content":{"rendered":"<div data-elementor-type=\"wp-page\" data-elementor-id=\"161\" class=\"elementor elementor-161\">\n\t\t\t\t<div class=\"elementor-element elementor-element-042243b e-flex e-con-boxed e-con e-parent\" data-id=\"042243b\" data-element_type=\"container\" data-e-type=\"container\">\n\t\t\t\t\t<div class=\"e-con-inner\">\n\t\t<div class=\"elementor-element elementor-element-8fe0bae e-con-full e-flex e-con e-child\" data-id=\"8fe0bae\" data-element_type=\"container\" data-e-type=\"container\">\n\t\t\t\t<div class=\"elementor-element elementor-element-021708d elementor-widget elementor-widget-heading\" data-id=\"021708d\" data-element_type=\"widget\" data-e-type=\"widget\" data-widget_type=\"heading.default\">\n\t\t\t\t\t<h2 class=\"elementor-heading-title elementor-size-default\">Thank You for Your Enquiry!<\/h2>\t\t\t\t<\/div>\n\t\t<div class=\"elementor-element elementor-element-8c7bebc e-con-full e-flex e-con e-child\" data-id=\"8c7bebc\" data-element_type=\"container\" data-e-type=\"container\">\n\t\t<div class=\"elementor-element elementor-element-74bf17c e-con-full e-flex e-con e-child\" data-id=\"74bf17c\" data-element_type=\"container\" data-e-type=\"container\" data-settings=\"{&quot;background_background&quot;:&quot;classic&quot;}\">\n\t\t\t\t<div class=\"elementor-element elementor-element-95a5a87 elementor-widget elementor-widget-text-editor\" data-id=\"95a5a87\" data-element_type=\"widget\" data-e-type=\"widget\" data-widget_type=\"text-editor.default\">\n\t\t\t\t\t\t\t\t\t<p>We\u2019ve received your message and our team is currently reviewing it.<\/p><p>We\u2019ll get back to you as soon as possible. In the meantime, please keep an eye on your email, as we\u2019ll be contacting you there.<\/p><p>Thank you for your patience, we truly appreciate it.<\/p>\t\t\t\t\t\t\t\t<\/div>\n\t\t\t\t<\/div>\n\t\t\t\t<\/div>\n\t\t\t\t<\/div>\n\t\t\t\t\t<\/div>\n\t\t\t\t<\/div>\n\t\t\t\t<\/div>","protected":false},"excerpt":{"rendered":"<p>Sorunuz i\u00e7in te\u015fekk\u00fcr ederiz! Mesaj\u0131n\u0131z\u0131 ald\u0131k ve ekibimiz \u015fu anda inceliyor. M\u00fcmk\u00fcn olan en k\u0131sa s\u00fcrede size geri d\u00f6nece\u011fiz. Bu arada, sizinle oradan ileti\u015fime ge\u00e7ece\u011fimiz i\u00e7in l\u00fctfen e-postan\u0131za g\u00f6z at\u0131n. Sabr\u0131n\u0131z i\u00e7in te\u015fekk\u00fcr ederiz, ger\u00e7ekten minnettar\u0131z.<\/p>","protected":false},"author":2,"featured_media":0,"parent":0,"menu_order":0,"comment_status":"closed","ping_status":"closed","template":"elementor_header_footer","meta":{"footnotes":""},"class_list":["post-161","page","type-page","status-publish","hentry"],"_links":{"self":[{"href":"https:\/\/moceansms.tr\/tr\/wp-json\/wp\/v2\/pages\/161","targetHints":{"allow":["GET"]}}],"collection":[{"href":"https:\/\/moceansms.tr\/tr\/wp-json\/wp\/v2\/pages"}],"about":[{"href":"https:\/\/moceansms.tr\/tr\/wp-json\/wp\/v2\/types\/page"}],"author":[{"embeddable":true,"href":"https:\/\/moceansms.tr\/tr\/wp-json\/wp\/v2\/users\/2"}],"replies":[{"embeddable":true,"href":"https:\/\/moceansms.tr\/tr\/wp-json\/wp\/v2\/comments?post=161"}],"version-history":[{"count":4,"href":"https:\/\/moceansms.tr\/tr\/wp-json\/wp\/v2\/pages\/161\/revisions"}],"predecessor-version":[{"id":165,"href":"https:\/\/moceansms.tr\/tr\/wp-json\/wp\/v2\/pages\/161\/revisions\/165"}],"wp:attachment":[{"href":"https:\/\/moceansms.tr\/tr\/wp-json\/wp\/v2\/media?parent=161"}],"curies":[{"name":"wp","href":"https:\/\/api.w.org\/{rel}","templated":true}]}}