{"id":459,"date":"2026-04-16T10:56:06","date_gmt":"2026-04-16T02:56:06","guid":{"rendered":"https:\/\/moceansms.tr\/?page_id=459"},"modified":"2026-04-16T10:58:30","modified_gmt":"2026-04-16T02:58:30","slug":"blog","status":"publish","type":"page","link":"https:\/\/moceansms.tr\/tr\/blog\/","title":{"rendered":"Blog"},"content":{"rendered":"<div data-elementor-type=\"wp-page\" data-elementor-id=\"459\" class=\"elementor elementor-459\">\n\t\t\t\t\t\t<section class=\"elementor-section elementor-top-section elementor-element elementor-element-63f781e elementor-section-boxed elementor-section-height-default elementor-section-height-default\" data-id=\"63f781e\" data-element_type=\"section\" data-e-type=\"section\" data-settings=\"{&quot;background_background&quot;:&quot;classic&quot;,&quot;shape_divider_bottom&quot;:&quot;triangle-asymmetrical&quot;}\">\n\t\t\t\t\t\t\t<div class=\"elementor-background-overlay\"><\/div>\n\t\t\t\t\t\t<div class=\"elementor-shape elementor-shape-bottom\" aria-hidden=\"true\" data-negative=\"false\">\n\t\t\t<svg xmlns=\"http:\/\/www.w3.org\/2000\/svg\" viewbox=\"0 0 1000 100\" preserveaspectratio=\"none\">\n\t<path class=\"elementor-shape-fill\" d=\"M738,99l262-93V0H0v5.6L738,99z\"\/>\n<\/svg>\t\t<\/div>\n\t\t\t\t\t<div class=\"elementor-container elementor-column-gap-default\">\n\t\t\t\t\t<div class=\"elementor-column elementor-col-100 elementor-top-column elementor-element elementor-element-a55747e\" data-id=\"a55747e\" data-element_type=\"column\" data-e-type=\"column\">\n\t\t\t<div class=\"elementor-widget-wrap elementor-element-populated\">\n\t\t\t\t\t\t<div class=\"elementor-element elementor-element-5692e64 elementor-widget elementor-widget-heading\" data-id=\"5692e64\" data-element_type=\"widget\" data-e-type=\"widget\" data-widget_type=\"heading.default\">\n\t\t\t\t\t<h1 class=\"elementor-heading-title elementor-size-default\">Blog Yaz\u0131lar\u0131<\/h1>\t\t\t\t<\/div>\n\t\t\t\t<div class=\"elementor-element elementor-element-0a570ea elementor-widget elementor-widget-shortcode\" data-id=\"0a570ea\" data-element_type=\"widget\" data-e-type=\"widget\" data-widget_type=\"shortcode.default\">\n\t\t\t\t\t\t\t<div class=\"elementor-shortcode\"><nav aria-label=\"ekmek k\u0131r\u0131nt\u0131lar\u0131\" class=\"rank-math-breadcrumb\"><p><span class=\"last\">Ev<\/span><\/p><\/nav><\/div>\n\t\t\t\t\t\t<\/div>\n\t\t\t\t<div class=\"elementor-element elementor-element-5b7ff33 elementor-widget elementor-widget-text-editor\" data-id=\"5b7ff33\" data-element_type=\"widget\" data-e-type=\"widget\" data-widget_type=\"text-editor.default\">\n\t\t\t\t\t\t\t\t\t<p>MOCEAN'in t\u00fcm b\u00fcy\u00fckl\u00fckteki kurulu\u015flar i\u00e7in uygun g\u00fcncellemeler, uzman g\u00f6r\u00fc\u015fleri ve pratik kullan\u0131m senaryolar\u0131 arac\u0131l\u0131\u011f\u0131yla i\u015f ileti\u015fiminde nas\u0131l devrim yaratt\u0131\u011f\u0131n\u0131 ke\u015ffedin.<\/p>\t\t\t\t\t\t\t\t<\/div>\n\t\t\t\t\t<\/div>\n\t\t<\/div>\n\t\t\t\t\t<\/div>\n\t\t<\/section>\n\t\t\t\t<section class=\"elementor-section elementor-top-section elementor-element elementor-element-130ca81 elementor-section-boxed elementor-section-height-default elementor-section-height-default\" data-id=\"130ca81\" data-element_type=\"section\" data-e-type=\"section\">\n\t\t\t\t\t\t<div class=\"elementor-container elementor-column-gap-default\">\n\t\t\t\t\t<div class=\"elementor-column elementor-col-100 elementor-top-column elementor-element elementor-element-c56fb31\" data-id=\"c56fb31\" data-element_type=\"column\" data-e-type=\"column\">\n\t\t\t<div class=\"elementor-widget-wrap elementor-element-populated\">\n\t\t\t\t\t\t<div class=\"elementor-element elementor-element-02c4026 elementor-widget elementor-widget-elementskit-blog-posts\" data-id=\"02c4026\" data-element_type=\"widget\" data-e-type=\"widget\" data-widget_type=\"elementskit-blog-posts.default\">\n\t\t\t\t\t<div class=\"ekit-wid-con\" >        <div id=\"post-items--02c4026\" class=\"row post-items\">\n                    <div class=\"col-lg-4 col-md-6\">\n\n                                    <div class=\"elementskit-post-image-card\">\n                        <div class=\"elementskit-entry-header\">\n                                                            <a href=\"https:\/\/moceansms.tr\/tr\/blog\/online-gaming-experience-turkey-sms-notifications\/\" class=\"elementskit-entry-thumb\">\n                                    <img decoding=\"async\" src=\"https:\/\/moceansms.tr\/wp-content\/uploads\/2026\/04\/online-gaming-experience-turkey-sms-notifications-1024x683.jpg\" alt=\"T\u00fcrkiye&#039;de \u00c7evrimi\u00e7i Oyun Deneyimini SMS ile \u0130yile\u015ftirme\">\n                                <\/a><!-- .elementskit-entry-thumb END -->\n                                                            \n                            \n\t\t\t\t\t\t\t\t\t\t\t\t\t<\/div><!-- .elementskit-entry-header END -->\n\n\t\t\t\t\t\t<div class=\"elementskit-post-body\">\n\t\t\t\t\t\t\t\n\t\t\t\t\t\t\t\t\t\t\t\t\t\t\t\t\t\t\t\t\t\t\t\t\t\t\t\t\t\t\n\t\t\t\t\t\t\t\t\n\t\t\t\t\t\t\t\t\t\t\t\t\t\t\t\t\t\t\t\t\t<h2 class=\"entry-title\">\n\t\t\t\t\t<a href=\"https:\/\/moceansms.tr\/tr\/blog\/online-gaming-experience-turkey-sms-notifications\/\">\n\t\t\t\t\t\tT\u00fcrkiye'de \u00c7evrimi\u00e7i Oyun Deneyimini SMS ile \u0130yile\u015ftirme\t\t\t\t\t<\/a>\n\t\t\t\t<\/h2>\n\t\t\t\t\t\t\t\t\t\t\t\t\t\t\t\t\t\t\t\t\t\t\t\t\t\t\t\t\t\t\t\t\t\t\t\t\t\t\t\t\t\t<p>Upgrade your online gaming experience in Turkey with Mocean SMS alerts<\/p>\n\t\t\t\t\t\t\t\t\t\t\t\t\t\t\t\t\t\t\t\t\t\t                                                            <div class=\"btn-wraper\">\n                                                                            <a class=\"elementskit-btn whitespace--normal\" id=\"\" href=\"https:\/\/moceansms.tr\/tr\/blog\/online-gaming-experience-turkey-sms-notifications\/\">\n                                            Daha fazla bilgi edinin                                             <svg aria-hidden=\"true\" class=\"e-font-icon-svg e-fas-long-arrow-alt-right\" viewbox=\"0 0 448 512\" xmlns=\"http:\/\/www.w3.org\/2000\/svg\"><path d=\"M313.941 216H12c-6.627 0-12 5.373-12 12v56c0 6.627 5.373 12 12 12h301.941v46.059c0 21.382 25.851 32.09 40.971 16.971l86.059-86.059c9.373-9.373 9.373-24.569 0-33.941l-86.059-86.059c-15.119-15.119-40.971-4.411-40.971 16.971V216z\"><\/path><\/svg>                                        <\/a>\n                                    \n                                                                    <\/div>\n                                                    <\/div><!-- .elementskit-post-body END -->\n                    <\/div>\n                \n            <\/div>\n                    <div class=\"col-lg-4 col-md-6\">\n\n                                    <div class=\"elementskit-post-image-card\">\n                        <div class=\"elementskit-entry-header\">\n                                                            <a href=\"https:\/\/moceansms.tr\/tr\/blog\/online-gaming-turkey-sms-player-engagement\/\" class=\"elementskit-entry-thumb\">\n                                    <img decoding=\"async\" src=\"https:\/\/moceansms.tr\/wp-content\/uploads\/2026\/04\/online-gaming-turkey-sms-player-engagement-1024x683.jpg\" alt=\"T\u00fcrkiye&#039;de \u00c7evrimi\u00e7i Oyuncu Etkile\u015fimini SMS ile Art\u0131r\u0131n\">\n                                <\/a><!-- .elementskit-entry-thumb END -->\n                                                            \n                            \n\t\t\t\t\t\t\t\t\t\t\t\t\t<\/div><!-- .elementskit-entry-header END -->\n\n\t\t\t\t\t\t<div class=\"elementskit-post-body\">\n\t\t\t\t\t\t\t\n\t\t\t\t\t\t\t\t\t\t\t\t\t\t\t\t\t\t\t\t\t\t\t\t\t\t\t\t\t\t\n\t\t\t\t\t\t\t\t\n\t\t\t\t\t\t\t\t\t\t\t\t\t\t\t\t\t\t\t\t\t<h2 class=\"entry-title\">\n\t\t\t\t\t<a href=\"https:\/\/moceansms.tr\/tr\/blog\/online-gaming-turkey-sms-player-engagement\/\">\n\t\t\t\t\t\tT\u00fcrkiye'de \u00c7evrimi\u00e7i Oyuncu Etkile\u015fimini SMS ile Art\u0131r\u0131n\t\t\t\t\t<\/a>\n\t\t\t\t<\/h2>\n\t\t\t\t\t\t\t\t\t\t\t\t\t\t\t\t\t\t\t\t\t\t\t\t\t\t\t\t\t\t\t\t\t\t\t\t\t\t\t\t\t\t<p>Simplify onboarding and deliver custom campaigns with Mocean<\/p>\n\t\t\t\t\t\t\t\t\t\t\t\t\t\t\t\t\t\t\t\t\t\t                                                            <div class=\"btn-wraper\">\n                                                                            <a class=\"elementskit-btn whitespace--normal\" id=\"\" href=\"https:\/\/moceansms.tr\/tr\/blog\/online-gaming-turkey-sms-player-engagement\/\">\n                                            Daha fazla bilgi edinin                                             <svg aria-hidden=\"true\" class=\"e-font-icon-svg e-fas-long-arrow-alt-right\" viewbox=\"0 0 448 512\" xmlns=\"http:\/\/www.w3.org\/2000\/svg\"><path d=\"M313.941 216H12c-6.627 0-12 5.373-12 12v56c0 6.627 5.373 12 12 12h301.941v46.059c0 21.382 25.851 32.09 40.971 16.971l86.059-86.059c9.373-9.373 9.373-24.569 0-33.941l-86.059-86.059c-15.119-15.119-40.971-4.411-40.971 16.971V216z\"><\/path><\/svg>                                        <\/a>\n                                    \n                                                                    <\/div>\n                                                    <\/div><!-- .elementskit-post-body END -->\n                    <\/div>\n                \n            <\/div>\n                    <div class=\"col-lg-4 col-md-6\">\n\n                                    <div class=\"elementskit-post-image-card\">\n                        <div class=\"elementskit-entry-header\">\n                                                            <a href=\"https:\/\/moceansms.tr\/tr\/blog\/online-gaming-turkey-sms-marketing-strategies\/\" class=\"elementskit-entry-thumb\">\n                                    <img decoding=\"async\" src=\"https:\/\/moceansms.tr\/wp-content\/uploads\/2026\/04\/online-gaming-brazil-sms-marketing-strategies-scaled-1-1024x683.jpg\" alt=\"T\u00fcrkiye&#039;de Online Oyunlar \u0130\u00e7in SMS Pazarlama Stratejileri\">\n                                <\/a><!-- .elementskit-entry-thumb END -->\n                                                            \n                            \n\t\t\t\t\t\t\t\t\t\t\t\t\t<\/div><!-- .elementskit-entry-header END -->\n\n\t\t\t\t\t\t<div class=\"elementskit-post-body\">\n\t\t\t\t\t\t\t\n\t\t\t\t\t\t\t\t\t\t\t\t\t\t\t\t\t\t\t\t\t\t\t\t\t\t\t\t\t\t\n\t\t\t\t\t\t\t\t\n\t\t\t\t\t\t\t\t\t\t\t\t\t\t\t\t\t\t\t\t\t<h2 class=\"entry-title\">\n\t\t\t\t\t<a href=\"https:\/\/moceansms.tr\/tr\/blog\/online-gaming-turkey-sms-marketing-strategies\/\">\n\t\t\t\t\t\tT\u00fcrkiye'de Online Oyunlar \u0130\u00e7in SMS Pazarlama Stratejileri\t\t\t\t\t<\/a>\n\t\t\t\t<\/h2>\n\t\t\t\t\t\t\t\t\t\t\t\t\t\t\t\t\t\t\t\t\t\t\t\t\t\t\t\t\t\t\t\t\t\t\t\t\t\t\t\t\t\t<p>Simplify onboarding and deliver custom campaigns with Mocean<\/p>\n\t\t\t\t\t\t\t\t\t\t\t\t\t\t\t\t\t\t\t\t\t\t                                                            <div class=\"btn-wraper\">\n                                                                            <a class=\"elementskit-btn whitespace--normal\" id=\"\" href=\"https:\/\/moceansms.tr\/tr\/blog\/online-gaming-turkey-sms-marketing-strategies\/\">\n                                            Daha fazla bilgi edinin                                             <svg aria-hidden=\"true\" class=\"e-font-icon-svg e-fas-long-arrow-alt-right\" viewbox=\"0 0 448 512\" xmlns=\"http:\/\/www.w3.org\/2000\/svg\"><path d=\"M313.941 216H12c-6.627 0-12 5.373-12 12v56c0 6.627 5.373 12 12 12h301.941v46.059c0 21.382 25.851 32.09 40.971 16.971l86.059-86.059c9.373-9.373 9.373-24.569 0-33.941l-86.059-86.059c-15.119-15.119-40.971-4.411-40.971 16.971V216z\"><\/path><\/svg>                                        <\/a>\n                                    \n                                                                    <\/div>\n                                                    <\/div><!-- .elementskit-post-body END -->\n                    <\/div>\n                \n            <\/div>\n                    <div class=\"col-lg-4 col-md-6\">\n\n                                    <div class=\"elementskit-post-image-card\">\n                        <div class=\"elementskit-entry-header\">\n                                                            <a href=\"https:\/\/moceansms.tr\/tr\/blog\/scale-turkey-online-gaming-sms\/\" class=\"elementskit-entry-thumb\">\n                                    <img decoding=\"async\" src=\"https:\/\/moceansms.tr\/wp-content\/uploads\/2026\/04\/scale-turkey-online-gaming-sms-1024x683.jpg\" alt=\"T\u00fcrkiye&#039;de \u00c7evrimi\u00e7i Oyunlar\u0131n SMS Kampanyalar\u0131yla Daha Fazla Oyuncuya Nas\u0131l Ula\u015fabilece\u011fi\">\n                                <\/a><!-- .elementskit-entry-thumb END -->\n                                                            \n                            \n\t\t\t\t\t\t\t\t\t\t\t\t\t<\/div><!-- .elementskit-entry-header END -->\n\n\t\t\t\t\t\t<div class=\"elementskit-post-body\">\n\t\t\t\t\t\t\t\n\t\t\t\t\t\t\t\t\t\t\t\t\t\t\t\t\t\t\t\t\t\t\t\t\t\t\t\t\t\t\n\t\t\t\t\t\t\t\t\n\t\t\t\t\t\t\t\t\t\t\t\t\t\t\t\t\t\t\t\t\t<h2 class=\"entry-title\">\n\t\t\t\t\t<a href=\"https:\/\/moceansms.tr\/tr\/blog\/scale-turkey-online-gaming-sms\/\">\n\t\t\t\t\t\tT\u00fcrkiye'de \u00c7evrimi\u00e7i Oyunlar\u0131n SMS Kampanyalar\u0131yla Daha Fazla Oyuncuya Nas\u0131l Ula\u015fabilece\u011fi\t\t\t\t\t<\/a>\n\t\t\t\t<\/h2>\n\t\t\t\t\t\t\t\t\t\t\t\t\t\t\t\t\t\t\t\t\t\t\t\t\t\t\t\t\t\t\t\t\t\t\t\t\t\t\t\t\t\t<p>Mocean helps online gaming platforms in Turkey connect with more players through&hellip;<\/p>\n\t\t\t\t\t\t\t\t\t\t\t\t\t\t\t\t\t\t\t\t\t\t                                                            <div class=\"btn-wraper\">\n                                                                            <a class=\"elementskit-btn whitespace--normal\" id=\"\" href=\"https:\/\/moceansms.tr\/tr\/blog\/scale-turkey-online-gaming-sms\/\">\n                                            Daha fazla bilgi edinin                                             <svg aria-hidden=\"true\" class=\"e-font-icon-svg e-fas-long-arrow-alt-right\" viewbox=\"0 0 448 512\" xmlns=\"http:\/\/www.w3.org\/2000\/svg\"><path d=\"M313.941 216H12c-6.627 0-12 5.373-12 12v56c0 6.627 5.373 12 12 12h301.941v46.059c0 21.382 25.851 32.09 40.971 16.971l86.059-86.059c9.373-9.373 9.373-24.569 0-33.941l-86.059-86.059c-15.119-15.119-40.971-4.411-40.971 16.971V216z\"><\/path><\/svg>                                        <\/a>\n                                    \n                                                                    <\/div>\n                                                    <\/div><!-- .elementskit-post-body END -->\n                    <\/div>\n                \n            <\/div>\n                    <div class=\"col-lg-4 col-md-6\">\n\n                                    <div class=\"elementskit-post-image-card\">\n                        <div class=\"elementskit-entry-header\">\n                                                            <a href=\"https:\/\/moceansms.tr\/tr\/blog\/grow-online-gaming-turkey-sms-marketing\/\" class=\"elementskit-entry-thumb\">\n                                    <img decoding=\"async\" src=\"https:\/\/moceansms.tr\/wp-content\/uploads\/2026\/04\/grow-online-gaming-philippines-sms-marketing-scaled-1-1024x683.jpg\" alt=\"T\u00fcrkiye&#039;de \u00c7evrimi\u00e7i Oyunlar\u0131n SMS Pazarlamas\u0131 ile B\u00fcy\u00fcme Potansiyeli\">\n                                <\/a><!-- .elementskit-entry-thumb END -->\n                                                            \n                            \n\t\t\t\t\t\t\t\t\t\t\t\t\t<\/div><!-- .elementskit-entry-header END -->\n\n\t\t\t\t\t\t<div class=\"elementskit-post-body\">\n\t\t\t\t\t\t\t\n\t\t\t\t\t\t\t\t\t\t\t\t\t\t\t\t\t\t\t\t\t\t\t\t\t\t\t\t\t\t\n\t\t\t\t\t\t\t\t\n\t\t\t\t\t\t\t\t\t\t\t\t\t\t\t\t\t\t\t\t\t<h2 class=\"entry-title\">\n\t\t\t\t\t<a href=\"https:\/\/moceansms.tr\/tr\/blog\/grow-online-gaming-turkey-sms-marketing\/\">\n\t\t\t\t\t\tT\u00fcrkiye'de \u00c7evrimi\u00e7i Oyunlar\u0131n SMS Pazarlamas\u0131 ile B\u00fcy\u00fcme Potansiyeli\t\t\t\t\t<\/a>\n\t\t\t\t<\/h2>\n\t\t\t\t\t\t\t\t\t\t\t\t\t\t\t\t\t\t\t\t\t\t\t\t\t\t\t\t\t\t\t\t\t\t\t\t\t\t\t\t\t\t<p>Support online gaming in Turkey with Mocean. Automate player onboarding through SMS&hellip;<\/p>\n\t\t\t\t\t\t\t\t\t\t\t\t\t\t\t\t\t\t\t\t\t\t                                                            <div class=\"btn-wraper\">\n                                                                            <a class=\"elementskit-btn whitespace--normal\" id=\"\" href=\"https:\/\/moceansms.tr\/tr\/blog\/grow-online-gaming-turkey-sms-marketing\/\">\n                                            Daha fazla bilgi edinin                                             <svg aria-hidden=\"true\" class=\"e-font-icon-svg e-fas-long-arrow-alt-right\" viewbox=\"0 0 448 512\" xmlns=\"http:\/\/www.w3.org\/2000\/svg\"><path d=\"M313.941 216H12c-6.627 0-12 5.373-12 12v56c0 6.627 5.373 12 12 12h301.941v46.059c0 21.382 25.851 32.09 40.971 16.971l86.059-86.059c9.373-9.373 9.373-24.569 0-33.941l-86.059-86.059c-15.119-15.119-40.971-4.411-40.971 16.971V216z\"><\/path><\/svg>                                        <\/a>\n                                    \n                                                                    <\/div>\n                                                    <\/div><!-- .elementskit-post-body END -->\n                    <\/div>\n                \n            <\/div>\n                <\/div>\n       <\/div>\t\t\t\t<\/div>\n\t\t\t\t\t<\/div>\n\t\t<\/div>\n\t\t\t\t\t<\/div>\n\t\t<\/section>\n\t\t\t\t<\/div>","protected":false},"excerpt":{"rendered":"<p>Blog Posts Discover how MOCEAN is revolutionizing business communication through updates, expert insights, and practical use cases suitable for organizations of all sizes.<\/p>","protected":false},"author":2,"featured_media":0,"parent":0,"menu_order":0,"comment_status":"closed","ping_status":"closed","template":"elementor_header_footer","meta":{"footnotes":""},"class_list":["post-459","page","type-page","status-publish","hentry"],"_links":{"self":[{"href":"https:\/\/moceansms.tr\/tr\/wp-json\/wp\/v2\/pages\/459","targetHints":{"allow":["GET"]}}],"collection":[{"href":"https:\/\/moceansms.tr\/tr\/wp-json\/wp\/v2\/pages"}],"about":[{"href":"https:\/\/moceansms.tr\/tr\/wp-json\/wp\/v2\/types\/page"}],"author":[{"embeddable":true,"href":"https:\/\/moceansms.tr\/tr\/wp-json\/wp\/v2\/users\/2"}],"replies":[{"embeddable":true,"href":"https:\/\/moceansms.tr\/tr\/wp-json\/wp\/v2\/comments?post=459"}],"version-history":[{"count":7,"href":"https:\/\/moceansms.tr\/tr\/wp-json\/wp\/v2\/pages\/459\/revisions"}],"predecessor-version":[{"id":467,"href":"https:\/\/moceansms.tr\/tr\/wp-json\/wp\/v2\/pages\/459\/revisions\/467"}],"wp:attachment":[{"href":"https:\/\/moceansms.tr\/tr\/wp-json\/wp\/v2\/media?parent=459"}],"curies":[{"name":"wp","href":"https:\/\/api.w.org\/{rel}","templated":true}]}}